{"id":15544,"date":"2022-11-14T14:24:31","date_gmt":"2022-11-14T13:24:31","guid":{"rendered":"https:\/\/huebner.virtuosen.at\/contact\/"},"modified":"2023-05-10T12:35:18","modified_gmt":"2023-05-10T10:35:18","slug":"contact","status":"publish","type":"page","link":"https:\/\/huebner.virtuosen.at\/en\/contact\/","title":{"rendered":"Contact"},"content":{"rendered":"\t\t<div data-elementor-type=\"wp-page\" data-elementor-id=\"15544\" class=\"elementor elementor-15544 elementor-124\" data-elementor-post-type=\"page\">\n\t\t\t\t<div class=\"elementor-element elementor-element-acb8556 e-con-full e-flex e-con e-parent\" data-id=\"acb8556\" data-element_type=\"container\" data-settings=\"{&quot;background_background&quot;:&quot;classic&quot;}\">\n\t\t<div class=\"elementor-element elementor-element-2ef1ccf e-flex e-con-boxed e-con e-parent\" data-id=\"2ef1ccf\" data-element_type=\"container\">\n\t\t\t\t\t<div class=\"e-con-inner\">\n\t\t\t\t<div class=\"elementor-element elementor-element-a089304 v-underline elementor-widget elementor-widget-heading\" data-id=\"a089304\" data-element_type=\"widget\" data-widget_type=\"heading.default\">\n\t\t\t\t<div class=\"elementor-widget-container\">\n\t\t\t\t\t<h1 class=\"elementor-heading-title elementor-size-default\">We are happy to hear from you.<\/h1>\t\t\t\t<\/div>\n\t\t\t\t<\/div>\n\t\t\t\t\t<\/div>\n\t\t\t\t<\/div>\n\t\t\t\t<div class=\"elementor-element elementor-element-ba72646 elementor-widget-divider--view-line elementor-widget elementor-widget-divider\" data-id=\"ba72646\" data-element_type=\"widget\" data-widget_type=\"divider.default\">\n\t\t\t\t<div class=\"elementor-widget-container\">\n\t\t\t\t\t\t\t<div class=\"elementor-divider\">\n\t\t\t<span class=\"elementor-divider-separator\">\n\t\t\t\t\t\t<\/span>\n\t\t<\/div>\n\t\t\t\t\t\t<\/div>\n\t\t\t\t<\/div>\n\t\t\t\t<\/div>\n\t\t<div class=\"elementor-element elementor-element-b25b2b9 e-flex e-con-boxed e-con e-parent\" data-id=\"b25b2b9\" data-element_type=\"container\" data-settings=\"{&quot;background_background&quot;:&quot;classic&quot;}\">\n\t\t\t\t\t<div class=\"e-con-inner\">\n\t\t<div class=\"elementor-element elementor-element-7860ae7 e-con-full e-flex e-con e-parent\" data-id=\"7860ae7\" data-element_type=\"container\">\n\t\t<div class=\"elementor-element elementor-element-e3b5681 e-con-full e-flex e-con e-parent\" data-id=\"e3b5681\" data-element_type=\"container\">\n\t\t\t\t<div class=\"elementor-element elementor-element-2268642 v-link elementor-widget elementor-widget-text-editor\" data-id=\"2268642\" data-element_type=\"widget\" data-widget_type=\"text-editor.default\">\n\t\t\t\t<div class=\"elementor-widget-container\">\n\t\t\t\t\t\t\t\t\t<p><b>Your contact person:<\/b><br \/>Kristina Schlechta<br \/>Head of Business Development<\/p>\n<p>Tel: <a href=\"tel:0043181175292\">+ 43\/1\/811 75-292<\/a><br \/><a href=\"mailto:kristina.schlechta@huebner.at\">kristina.schlechta@huebner.at<\/a><\/p>\n\t\t\t\t\t\t\t\t<\/div>\n\t\t\t\t<\/div>\n\t\t\t\t<div class=\"elementor-element elementor-element-6689500 elementor-widget elementor-widget-image\" data-id=\"6689500\" data-element_type=\"widget\" data-widget_type=\"image.default\">\n\t\t\t\t<div class=\"elementor-widget-container\">\n\t\t\t\t\t\t\t\t\t\t\t\t\t\t\t<img fetchpriority=\"high\" decoding=\"async\" width=\"800\" height=\"800\" src=\"https:\/\/huebner.virtuosen.at\/wp-content\/uploads\/2023\/02\/Kristina-Schlechta-PortraitBG.jpg\" class=\"attachment-large size-large wp-image-16596\" alt=\"Portrait von Kristina Schlechta\" srcset=\"https:\/\/huebner.virtuosen.at\/wp-content\/uploads\/2023\/02\/Kristina-Schlechta-PortraitBG.jpg 900w, https:\/\/huebner.virtuosen.at\/wp-content\/uploads\/2023\/02\/Kristina-Schlechta-PortraitBG-300x300.jpg 300w, https:\/\/huebner.virtuosen.at\/wp-content\/uploads\/2023\/02\/Kristina-Schlechta-PortraitBG-150x150.jpg 150w, https:\/\/huebner.virtuosen.at\/wp-content\/uploads\/2023\/02\/Kristina-Schlechta-PortraitBG-768x768.jpg 768w\" sizes=\"(max-width: 800px) 100vw, 800px\" \/>\t\t\t\t\t\t\t\t\t\t\t\t\t\t\t<\/div>\n\t\t\t\t<\/div>\n\t\t\t\t<\/div>\n\t\t<div class=\"elementor-element elementor-element-5a1c89f e-con-full e-flex e-con e-parent\" data-id=\"5a1c89f\" data-element_type=\"container\">\n\t\t\t\t<div class=\"elementor-element elementor-element-c4b93d7 elementor-widget elementor-widget-text-editor\" data-id=\"c4b93d7\" data-element_type=\"widget\" data-widget_type=\"text-editor.default\">\n\t\t\t\t<div class=\"elementor-widget-container\">\n\t\t\t\t\t\t\t\t\t<p><b>You can reach us personally:<\/b><br \/>Mo &#8211; Thu: 08:00 &#8211; 17:00<br \/>Friday: 08:00 &#8211; 14:00<\/p>\n\t\t\t\t\t\t\t\t<\/div>\n\t\t\t\t<\/div>\n\t\t\t\t<div class=\"elementor-element elementor-element-ad9a779 v-link elementor-widget elementor-widget-text-editor\" data-id=\"ad9a779\" data-element_type=\"widget\" data-widget_type=\"text-editor.default\">\n\t\t\t\t<div class=\"elementor-widget-container\">\n\t\t\t\t\t\t\t\t\t<div class=\"col-md-12 col-sm-12 col-xs-6 col-xxs\"><b>H\u00fcbner &amp; H\u00fcbner<\/b><\/div>\n<div class=\"col-md-12 col-sm-12 col-xs-6 col-xxs\">\n<p>Sch\u00f6nbrunner Str. 222 <br \/>(U4 Center)<br \/>A-1120 Vienna<br \/><a class=\"link\" href=\"https:\/\/maps.google.de\/?daddr=Sch%C3%B6nbrunnerstra%C3%9Fe+222,+1120+Wien\" target=\"_blank\" rel=\"noopener\">Route planner (Google)<\/a><\/p>\n<\/div>\n\t\t\t\t\t\t\t\t<\/div>\n\t\t\t\t<\/div>\n\t\t\t\t<\/div>\n\t\t\t\t<\/div>\n\t\t<div class=\"elementor-element elementor-element-5fb3e38 e-con-full e-flex e-con e-parent\" data-id=\"5fb3e38\" data-element_type=\"container\">\n\t\t\t\t<div class=\"elementor-element elementor-element-9cfc822 elementor-widget elementor-widget-text-editor\" data-id=\"9cfc822\" data-element_type=\"widget\" data-widget_type=\"text-editor.default\">\n\t\t\t\t<div class=\"elementor-widget-container\">\n\t\t\t\t\t\t\t\t\t<p><strong>24\/7 &#8220;on call\u201c:<\/strong><\/p>\n\t\t\t\t\t\t\t\t<\/div>\n\t\t\t\t<\/div>\n\t\t\t\t<div class=\"elementor-element elementor-element-b895423 elementor-button-align-stretch elementor-widget elementor-widget-form\" data-id=\"b895423\" data-element_type=\"widget\" data-settings=\"{&quot;button_width&quot;:&quot;50&quot;,&quot;step_next_label&quot;:&quot;Next&quot;,&quot;step_previous_label&quot;:&quot;Previous&quot;,&quot;step_type&quot;:&quot;number_text&quot;,&quot;step_icon_shape&quot;:&quot;circle&quot;}\" data-widget_type=\"form.default\">\n\t\t\t\t<div class=\"elementor-widget-container\">\n\t\t\t\t\t\t\t<form class=\"elementor-form\" method=\"post\" name=\"contactform\">\n\t\t\t<input type=\"hidden\" name=\"post_id\" value=\"15544\"\/>\n\t\t\t<input type=\"hidden\" name=\"form_id\" value=\"b895423\"\/>\n\t\t\t<input type=\"hidden\" name=\"referer_title\" value=\"H\u00fcbner &amp; H\u00fcbner\" \/>\n\n\t\t\t\n\t\t\t<div class=\"elementor-form-fields-wrapper elementor-labels-\">\n\t\t\t\t\t\t\t\t<div class=\"elementor-field-type-text elementor-field-group elementor-column elementor-field-group-field_97b4658 elementor-col-100 elementor-field-required\">\n\t\t\t\t\t\t\t\t\t\t\t\t<label for=\"form-field-field_97b4658\" class=\"elementor-field-label elementor-screen-only\">\n\t\t\t\t\t\t\t\tName\t\t\t\t\t\t\t<\/label>\n\t\t\t\t\t\t\t\t\t\t\t\t\t\t<input size=\"1\" type=\"text\" name=\"form_fields[field_97b4658]\" id=\"form-field-field_97b4658\" class=\"elementor-field elementor-size-sm  elementor-field-textual\" placeholder=\"Name *\" required=\"required\">\n\t\t\t\t\t\t\t\t\t\t\t<\/div>\n\t\t\t\t\t\t\t\t<div class=\"elementor-field-type-text\">\n\t\t\t\t\t<input size=\"1\" type=\"text\" name=\"form_fields[field_62d0b3a]\" id=\"form-field-field_62d0b3a\" class=\"elementor-field elementor-size-sm \" style=\"display:none !important;\">\t\t\t\t<\/div>\n\t\t\t\t\t\t\t\t<div class=\"elementor-field-type-tel elementor-field-group elementor-column elementor-field-group-field_b81a20d elementor-col-50 elementor-field-required\">\n\t\t\t\t\t\t\t\t\t\t\t\t<label for=\"form-field-field_b81a20d\" class=\"elementor-field-label elementor-screen-only\">\n\t\t\t\t\t\t\t\tTelephone\t\t\t\t\t\t\t<\/label>\n\t\t\t\t\t\t\t\t<input size=\"1\" type=\"tel\" name=\"form_fields[field_b81a20d]\" id=\"form-field-field_b81a20d\" class=\"elementor-field elementor-size-sm  elementor-field-textual\" placeholder=\"Telephone *\" required=\"required\" pattern=\"[0-9()#&amp;+*-=.]+\" title=\"Only numbers and phone characters (#, -, *, etc) are accepted.\">\n\n\t\t\t\t\t\t<\/div>\n\t\t\t\t\t\t\t\t<div class=\"elementor-field-type-email elementor-field-group elementor-column elementor-field-group-email elementor-col-50 elementor-field-required\">\n\t\t\t\t\t\t\t\t\t\t\t\t<label for=\"form-field-email\" class=\"elementor-field-label elementor-screen-only\">\n\t\t\t\t\t\t\t\tE-Mail\t\t\t\t\t\t\t<\/label>\n\t\t\t\t\t\t\t\t\t\t\t\t\t\t<input size=\"1\" type=\"email\" name=\"form_fields[email]\" id=\"form-field-email\" class=\"elementor-field elementor-size-sm  elementor-field-textual\" placeholder=\"E-Mail *\" required=\"required\">\n\t\t\t\t\t\t\t\t\t\t\t<\/div>\n\t\t\t\t\t\t\t\t<div class=\"elementor-field-type-text\">\n\t\t\t\t\t<input size=\"1\" type=\"text\" name=\"form_fields[field_73f1990]\" id=\"form-field-field_73f1990\" class=\"elementor-field elementor-size-sm \" style=\"display:none !important;\">\t\t\t\t<\/div>\n\t\t\t\t\t\t\t\t<div class=\"elementor-field-type-text elementor-field-group elementor-column elementor-field-group-field_c8e7eb1 elementor-col-100 elementor-field-required\">\n\t\t\t\t\t\t\t\t\t\t\t\t<label for=\"form-field-field_c8e7eb1\" class=\"elementor-field-label elementor-screen-only\">\n\t\t\t\t\t\t\t\tSubject\t\t\t\t\t\t\t<\/label>\n\t\t\t\t\t\t\t\t\t\t\t\t\t\t<input size=\"1\" type=\"text\" name=\"form_fields[field_c8e7eb1]\" id=\"form-field-field_c8e7eb1\" class=\"elementor-field elementor-size-sm  elementor-field-textual\" placeholder=\"Subject *\" required=\"required\">\n\t\t\t\t\t\t\t\t\t\t\t<\/div>\n\t\t\t\t\t\t\t\t<div class=\"elementor-field-type-textarea elementor-field-group elementor-column elementor-field-group-message elementor-col-100\">\n\t\t\t\t\t\t\t\t\t\t\t\t<label for=\"form-field-message\" class=\"elementor-field-label elementor-screen-only\">\n\t\t\t\t\t\t\t\tMessage\t\t\t\t\t\t\t<\/label>\n\t\t\t\t\t\t<textarea class=\"elementor-field-textual elementor-field  elementor-size-sm\" name=\"form_fields[message]\" id=\"form-field-message\" rows=\"6\" placeholder=\"Message\"><\/textarea>\t\t\t\t<\/div>\n\t\t\t\t\t\t\t\t<div class=\"elementor-field-type-text\">\n\t\t\t\t\t<input size=\"1\" type=\"text\" name=\"form_fields[field_db19f4b]\" id=\"form-field-field_db19f4b\" class=\"elementor-field elementor-size-sm \" style=\"display:none !important;\">\t\t\t\t<\/div>\n\t\t\t\t\t\t\t\t<div class=\"elementor-field-group elementor-column elementor-field-type-submit elementor-col-50 e-form__buttons\">\n\t\t\t\t\t<button class=\"elementor-button elementor-size-sm\" type=\"submit\">\n\t\t\t\t\t\t<span class=\"elementor-button-content-wrapper\">\n\t\t\t\t\t\t\t\t\t\t\t\t\t\t\t\t\t\t\t\t\t\t<span class=\"elementor-button-text\">Send<\/span>\n\t\t\t\t\t\t\t\t\t\t\t\t\t<\/span>\n\t\t\t\t\t<\/button>\n\t\t\t\t<\/div>\n\t\t\t<\/div>\n\t\t<\/form>\n\t\t\t\t\t\t<\/div>\n\t\t\t\t<\/div>\n\t\t\t\t<\/div>\n\t\t\t\t\t<\/div>\n\t\t\t\t<\/div>\n\t\t\t\t<\/div>\n\t\t<div class=\"shariff shariff-align-flex-start shariff-widget-align-flex-start\"><div class=\"ShariffHeadline\">Share:<\/div><ul class=\"shariff-buttons theme-default orientation-horizontal buttonsize-medium\"><li class=\"shariff-button twitter shariff-nocustomcolor\" style=\"background-color:#595959\"><a href=\"https:\/\/twitter.com\/share?url=https%3A%2F%2Fhuebner.virtuosen.at%2Fen%2Fcontact%2F&text=Contact\" title=\"Bei X teilen\" aria-label=\"Bei X teilen\" role=\"button\" rel=\"noopener nofollow\" class=\"shariff-link\" style=\"; background-color:#000; color:#fff\" target=\"_blank\"><span class=\"shariff-icon\" style=\"\"><svg width=\"32px\" height=\"20px\" xmlns=\"http:\/\/www.w3.org\/2000\/svg\" viewBox=\"0 0 24 24\"><path fill=\"#000\" d=\"M14.258 10.152L23.176 0h-2.113l-7.747 8.813L7.133 0H0l9.352 13.328L0 23.973h2.113l8.176-9.309 6.531 9.309h7.133zm-2.895 3.293l-.949-1.328L2.875 1.56h3.246l6.086 8.523.945 1.328 7.91 11.078h-3.246zm0 0\"\/><\/svg><\/span><span class=\"shariff-text\">teilen<\/span>&nbsp;<\/a><\/li><li class=\"shariff-button facebook shariff-nocustomcolor\" style=\"background-color:#4273c8\"><a href=\"https:\/\/www.facebook.com\/sharer\/sharer.php?u=https%3A%2F%2Fhuebner.virtuosen.at%2Fen%2Fcontact%2F\" title=\"Bei Facebook teilen\" aria-label=\"Bei Facebook teilen\" role=\"button\" rel=\"nofollow\" class=\"shariff-link\" style=\"; background-color:#3b5998; color:#fff\" target=\"_blank\"><span class=\"shariff-icon\" style=\"\"><svg width=\"32px\" height=\"20px\" xmlns=\"http:\/\/www.w3.org\/2000\/svg\" viewBox=\"0 0 18 32\"><path fill=\"#3b5998\" d=\"M17.1 0.2v4.7h-2.8q-1.5 0-2.1 0.6t-0.5 1.9v3.4h5.2l-0.7 5.3h-4.5v13.6h-5.5v-13.6h-4.5v-5.3h4.5v-3.9q0-3.3 1.9-5.2t5-1.8q2.6 0 4.1 0.2z\"\/><\/svg><\/span><span class=\"shariff-text\">teilen<\/span>&nbsp;<\/a><\/li><li class=\"shariff-button linkedin shariff-nocustomcolor\" style=\"background-color:#1488bf\"><a href=\"https:\/\/www.linkedin.com\/sharing\/share-offsite\/?url=https%3A%2F%2Fhuebner.virtuosen.at%2Fen%2Fcontact%2F\" title=\"Bei LinkedIn teilen\" aria-label=\"Bei LinkedIn teilen\" role=\"button\" rel=\"noopener nofollow\" class=\"shariff-link\" style=\"; background-color:#0077b5; color:#fff\" target=\"_blank\"><span class=\"shariff-icon\" style=\"\"><svg width=\"32px\" height=\"20px\" xmlns=\"http:\/\/www.w3.org\/2000\/svg\" viewBox=\"0 0 27 32\"><path fill=\"#0077b5\" d=\"M6.2 11.2v17.7h-5.9v-17.7h5.9zM6.6 5.7q0 1.3-0.9 2.2t-2.4 0.9h0q-1.5 0-2.4-0.9t-0.9-2.2 0.9-2.2 2.4-0.9 2.4 0.9 0.9 2.2zM27.4 18.7v10.1h-5.9v-9.5q0-1.9-0.7-2.9t-2.3-1.1q-1.1 0-1.9 0.6t-1.2 1.5q-0.2 0.5-0.2 1.4v9.9h-5.9q0-7.1 0-11.6t0-5.3l0-0.9h5.9v2.6h0q0.4-0.6 0.7-1t1-0.9 1.6-0.8 2-0.3q3 0 4.9 2t1.9 6z\"\/><\/svg><\/span><span class=\"shariff-text\">teilen<\/span>&nbsp;<\/a><\/li><\/ul><\/div>","protected":false},"excerpt":{"rendered":"<p>We are happy to hear from you. Your contact person:Kristina SchlechtaHead of Business Development Tel: + 43\/1\/811 75-292kristina.schlechta@huebner.at You can reach us personally:Mo &#8211; Thu: 08:00 &#8211; 17:00Friday: 08:00 &#8211; 14:00 H\u00fcbner &amp; H\u00fcbner Sch\u00f6nbrunner Str. 222 (U4 Center)A-1120 ViennaRoute planner (Google) 24\/7 &#8220;on call\u201c:<\/p>\n","protected":false},"author":1,"featured_media":0,"parent":0,"menu_order":0,"comment_status":"closed","ping_status":"closed","template":"elementor_header_footer","meta":{"_acf_changed":false,"inline_featured_image":false,"footnotes":""},"class_list":["post-15544","page","type-page","status-publish","hentry"],"acf":[],"yoast_head":"<!-- This site is optimized with the Yoast SEO plugin v24.3 - https:\/\/yoast.com\/wordpress\/plugins\/seo\/ -->\n<title>Contact - H\u00fcbner &amp; H\u00fcbner<\/title>\n<meta name=\"description\" content=\"Contact: German \/ English. Your contact person: Kristina Schlechta Tel: + 43\/1\/811 75-292 \u00b7 kristina.schlechta@huebner.at.\" \/>\n<meta name=\"robots\" content=\"noindex, follow, max-snippet:-1, max-image-preview:large, max-video-preview:-1\" \/>\n<meta property=\"og:locale\" content=\"en_US\" \/>\n<meta property=\"og:type\" content=\"article\" \/>\n<meta property=\"og:title\" content=\"Contact - H\u00fcbner &amp; H\u00fcbner\" \/>\n<meta property=\"og:description\" content=\"Contact: German \/ English. Your contact person: Kristina Schlechta Tel: + 43\/1\/811 75-292 \u00b7 kristina.schlechta@huebner.at.\" \/>\n<meta property=\"og:url\" content=\"https:\/\/huebner.virtuosen.at\/en\/contact\/\" \/>\n<meta property=\"og:site_name\" content=\"H\u00fcbner &amp; H\u00fcbner\" \/>\n<meta property=\"article:publisher\" content=\"https:\/\/www.facebook.com\/HuebnerSteuerberater\" \/>\n<meta property=\"article:modified_time\" content=\"2023-05-10T10:35:18+00:00\" \/>\n<meta property=\"og:image\" content=\"https:\/\/huebner.virtuosen.at\/wp-content\/uploads\/2023\/02\/Kristina-Schlechta-PortraitBG.jpg\" \/>\n<meta name=\"twitter:card\" content=\"summary_large_image\" \/>\n<meta name=\"twitter:site\" content=\"@huebner_stb\" \/>\n<script type=\"application\/ld+json\" class=\"yoast-schema-graph\">{\"@context\":\"https:\/\/schema.org\",\"@graph\":[{\"@type\":\"WebPage\",\"@id\":\"https:\/\/huebner.virtuosen.at\/en\/contact\/\",\"url\":\"https:\/\/huebner.virtuosen.at\/en\/contact\/\",\"name\":\"Contact - H\u00fcbner &amp; H\u00fcbner\",\"isPartOf\":{\"@id\":\"https:\/\/huebner.virtuosen.at\/en\/#website\"},\"primaryImageOfPage\":{\"@id\":\"https:\/\/huebner.virtuosen.at\/en\/contact\/#primaryimage\"},\"image\":{\"@id\":\"https:\/\/huebner.virtuosen.at\/en\/contact\/#primaryimage\"},\"thumbnailUrl\":\"https:\/\/huebner.virtuosen.at\/wp-content\/uploads\/2023\/02\/Kristina-Schlechta-PortraitBG.jpg\",\"datePublished\":\"2022-11-14T13:24:31+00:00\",\"dateModified\":\"2023-05-10T10:35:18+00:00\",\"description\":\"Contact: German \/ English. Your contact person: Kristina Schlechta Tel: + 43\/1\/811 75-292 \u00b7 kristina.schlechta@huebner.at.\",\"breadcrumb\":{\"@id\":\"https:\/\/huebner.virtuosen.at\/en\/contact\/#breadcrumb\"},\"inLanguage\":\"en-US\",\"potentialAction\":[{\"@type\":\"ReadAction\",\"target\":[\"https:\/\/huebner.virtuosen.at\/en\/contact\/\"]}]},{\"@type\":\"ImageObject\",\"inLanguage\":\"en-US\",\"@id\":\"https:\/\/huebner.virtuosen.at\/en\/contact\/#primaryimage\",\"url\":\"https:\/\/huebner.virtuosen.at\/wp-content\/uploads\/2023\/02\/Kristina-Schlechta-PortraitBG.jpg\",\"contentUrl\":\"https:\/\/huebner.virtuosen.at\/wp-content\/uploads\/2023\/02\/Kristina-Schlechta-PortraitBG.jpg\"},{\"@type\":\"BreadcrumbList\",\"@id\":\"https:\/\/huebner.virtuosen.at\/en\/contact\/#breadcrumb\",\"itemListElement\":[{\"@type\":\"ListItem\",\"position\":1,\"name\":\"Startseite\",\"item\":\"https:\/\/huebner.virtuosen.at\/en\/\"},{\"@type\":\"ListItem\",\"position\":2,\"name\":\"Contact\"}]},{\"@type\":\"WebSite\",\"@id\":\"https:\/\/huebner.virtuosen.at\/en\/#website\",\"url\":\"https:\/\/huebner.virtuosen.at\/en\/\",\"name\":\"H\u00fcbner &amp; H\u00fcbner\",\"description\":\"Digitales Rechnungswesen &amp; Optimierte Steuerkonzepte.\",\"publisher\":{\"@id\":\"https:\/\/huebner.virtuosen.at\/en\/#organization\"},\"potentialAction\":[{\"@type\":\"SearchAction\",\"target\":{\"@type\":\"EntryPoint\",\"urlTemplate\":\"https:\/\/huebner.virtuosen.at\/en\/?s={search_term_string}\"},\"query-input\":{\"@type\":\"PropertyValueSpecification\",\"valueRequired\":true,\"valueName\":\"search_term_string\"}}],\"inLanguage\":\"en-US\"},{\"@type\":\"Organization\",\"@id\":\"https:\/\/huebner.virtuosen.at\/en\/#organization\",\"name\":\"H\u00fcbner &amp; H\u00fcbner\",\"url\":\"https:\/\/huebner.virtuosen.at\/en\/\",\"logo\":{\"@type\":\"ImageObject\",\"inLanguage\":\"en-US\",\"@id\":\"https:\/\/huebner.virtuosen.at\/en\/#\/schema\/logo\/image\/\",\"url\":\"https:\/\/huebner.virtuosen.at\/wp-content\/uploads\/2022\/11\/Favicon.jpg\",\"contentUrl\":\"https:\/\/huebner.virtuosen.at\/wp-content\/uploads\/2022\/11\/Favicon.jpg\",\"width\":512,\"height\":512,\"caption\":\"H\u00fcbner &amp; H\u00fcbner\"},\"image\":{\"@id\":\"https:\/\/huebner.virtuosen.at\/en\/#\/schema\/logo\/image\/\"},\"sameAs\":[\"https:\/\/www.facebook.com\/HuebnerSteuerberater\",\"https:\/\/x.com\/huebner_stb\",\"https:\/\/www.linkedin.com\/company\/h\u00fcbner-h\u00fcbner-steuerberatung\"]}]}<\/script>\n<!-- \/ Yoast SEO plugin. -->","yoast_head_json":{"title":"Contact - H\u00fcbner &amp; H\u00fcbner","description":"Contact: German \/ English. Your contact person: Kristina Schlechta Tel: + 43\/1\/811 75-292 \u00b7 kristina.schlechta@huebner.at.","robots":{"index":"noindex","follow":"follow","max-snippet":"max-snippet:-1","max-image-preview":"max-image-preview:large","max-video-preview":"max-video-preview:-1"},"og_locale":"en_US","og_type":"article","og_title":"Contact - H\u00fcbner &amp; H\u00fcbner","og_description":"Contact: German \/ English. Your contact person: Kristina Schlechta Tel: + 43\/1\/811 75-292 \u00b7 kristina.schlechta@huebner.at.","og_url":"https:\/\/huebner.virtuosen.at\/en\/contact\/","og_site_name":"H\u00fcbner &amp; H\u00fcbner","article_publisher":"https:\/\/www.facebook.com\/HuebnerSteuerberater","article_modified_time":"2023-05-10T10:35:18+00:00","og_image":[{"url":"https:\/\/huebner.virtuosen.at\/wp-content\/uploads\/2023\/02\/Kristina-Schlechta-PortraitBG.jpg","type":"","width":"","height":""}],"twitter_card":"summary_large_image","twitter_site":"@huebner_stb","schema":{"@context":"https:\/\/schema.org","@graph":[{"@type":"WebPage","@id":"https:\/\/huebner.virtuosen.at\/en\/contact\/","url":"https:\/\/huebner.virtuosen.at\/en\/contact\/","name":"Contact - H\u00fcbner &amp; H\u00fcbner","isPartOf":{"@id":"https:\/\/huebner.virtuosen.at\/en\/#website"},"primaryImageOfPage":{"@id":"https:\/\/huebner.virtuosen.at\/en\/contact\/#primaryimage"},"image":{"@id":"https:\/\/huebner.virtuosen.at\/en\/contact\/#primaryimage"},"thumbnailUrl":"https:\/\/huebner.virtuosen.at\/wp-content\/uploads\/2023\/02\/Kristina-Schlechta-PortraitBG.jpg","datePublished":"2022-11-14T13:24:31+00:00","dateModified":"2023-05-10T10:35:18+00:00","description":"Contact: German \/ English. Your contact person: Kristina Schlechta Tel: + 43\/1\/811 75-292 \u00b7 kristina.schlechta@huebner.at.","breadcrumb":{"@id":"https:\/\/huebner.virtuosen.at\/en\/contact\/#breadcrumb"},"inLanguage":"en-US","potentialAction":[{"@type":"ReadAction","target":["https:\/\/huebner.virtuosen.at\/en\/contact\/"]}]},{"@type":"ImageObject","inLanguage":"en-US","@id":"https:\/\/huebner.virtuosen.at\/en\/contact\/#primaryimage","url":"https:\/\/huebner.virtuosen.at\/wp-content\/uploads\/2023\/02\/Kristina-Schlechta-PortraitBG.jpg","contentUrl":"https:\/\/huebner.virtuosen.at\/wp-content\/uploads\/2023\/02\/Kristina-Schlechta-PortraitBG.jpg"},{"@type":"BreadcrumbList","@id":"https:\/\/huebner.virtuosen.at\/en\/contact\/#breadcrumb","itemListElement":[{"@type":"ListItem","position":1,"name":"Startseite","item":"https:\/\/huebner.virtuosen.at\/en\/"},{"@type":"ListItem","position":2,"name":"Contact"}]},{"@type":"WebSite","@id":"https:\/\/huebner.virtuosen.at\/en\/#website","url":"https:\/\/huebner.virtuosen.at\/en\/","name":"H\u00fcbner &amp; H\u00fcbner","description":"Digitales Rechnungswesen &amp; Optimierte Steuerkonzepte.","publisher":{"@id":"https:\/\/huebner.virtuosen.at\/en\/#organization"},"potentialAction":[{"@type":"SearchAction","target":{"@type":"EntryPoint","urlTemplate":"https:\/\/huebner.virtuosen.at\/en\/?s={search_term_string}"},"query-input":{"@type":"PropertyValueSpecification","valueRequired":true,"valueName":"search_term_string"}}],"inLanguage":"en-US"},{"@type":"Organization","@id":"https:\/\/huebner.virtuosen.at\/en\/#organization","name":"H\u00fcbner &amp; H\u00fcbner","url":"https:\/\/huebner.virtuosen.at\/en\/","logo":{"@type":"ImageObject","inLanguage":"en-US","@id":"https:\/\/huebner.virtuosen.at\/en\/#\/schema\/logo\/image\/","url":"https:\/\/huebner.virtuosen.at\/wp-content\/uploads\/2022\/11\/Favicon.jpg","contentUrl":"https:\/\/huebner.virtuosen.at\/wp-content\/uploads\/2022\/11\/Favicon.jpg","width":512,"height":512,"caption":"H\u00fcbner &amp; H\u00fcbner"},"image":{"@id":"https:\/\/huebner.virtuosen.at\/en\/#\/schema\/logo\/image\/"},"sameAs":["https:\/\/www.facebook.com\/HuebnerSteuerberater","https:\/\/x.com\/huebner_stb","https:\/\/www.linkedin.com\/company\/h\u00fcbner-h\u00fcbner-steuerberatung"]}]}},"_links":{"self":[{"href":"https:\/\/huebner.virtuosen.at\/en\/wp-json\/wp\/v2\/pages\/15544","targetHints":{"allow":["GET"]}}],"collection":[{"href":"https:\/\/huebner.virtuosen.at\/en\/wp-json\/wp\/v2\/pages"}],"about":[{"href":"https:\/\/huebner.virtuosen.at\/en\/wp-json\/wp\/v2\/types\/page"}],"author":[{"embeddable":true,"href":"https:\/\/huebner.virtuosen.at\/en\/wp-json\/wp\/v2\/users\/1"}],"replies":[{"embeddable":true,"href":"https:\/\/huebner.virtuosen.at\/en\/wp-json\/wp\/v2\/comments?post=15544"}],"version-history":[{"count":10,"href":"https:\/\/huebner.virtuosen.at\/en\/wp-json\/wp\/v2\/pages\/15544\/revisions"}],"predecessor-version":[{"id":17509,"href":"https:\/\/huebner.virtuosen.at\/en\/wp-json\/wp\/v2\/pages\/15544\/revisions\/17509"}],"wp:attachment":[{"href":"https:\/\/huebner.virtuosen.at\/en\/wp-json\/wp\/v2\/media?parent=15544"}],"curies":[{"name":"wp","href":"https:\/\/api.w.org\/{rel}","templated":true}]}}