{"id":15715,"date":"2022-11-14T14:24:30","date_gmt":"2022-11-14T13:24:30","guid":{"rendered":"https:\/\/huebner.virtuosen.at\/services\/"},"modified":"2023-04-25T15:42:40","modified_gmt":"2023-04-25T13:42:40","slug":"services","status":"publish","type":"page","link":"https:\/\/huebner.virtuosen.at\/en\/services\/","title":{"rendered":"Services"},"content":{"rendered":"\t\t<div data-elementor-type=\"wp-page\" data-elementor-id=\"15715\" class=\"elementor elementor-15715 elementor-120\" data-elementor-post-type=\"page\">\n\t\t\t\t<div class=\"elementor-element elementor-element-792f3cf e-con-full e-flex e-con e-parent\" data-id=\"792f3cf\" data-element_type=\"container\" data-settings=\"{&quot;background_background&quot;:&quot;classic&quot;}\">\n\t\t<div class=\"elementor-element elementor-element-4067d8e e-flex e-con-boxed e-con e-parent\" data-id=\"4067d8e\" data-element_type=\"container\">\n\t\t\t\t\t<div class=\"e-con-inner\">\n\t\t\t\t<div class=\"elementor-element elementor-element-8321bb7 v-underline elementor-widget elementor-widget-heading\" data-id=\"8321bb7\" data-element_type=\"widget\" data-widget_type=\"heading.default\">\n\t\t\t\t<div class=\"elementor-widget-container\">\n\t\t\t\t\t<h1 class=\"elementor-heading-title elementor-size-default\">Our services<\/h1>\t\t\t\t<\/div>\n\t\t\t\t<\/div>\n\t\t\t\t\t<\/div>\n\t\t\t\t<\/div>\n\t\t\t\t<div class=\"elementor-element elementor-element-17ca8ba elementor-widget-divider--view-line elementor-widget elementor-widget-divider\" data-id=\"17ca8ba\" data-element_type=\"widget\" data-widget_type=\"divider.default\">\n\t\t\t\t<div class=\"elementor-widget-container\">\n\t\t\t\t\t\t\t<div class=\"elementor-divider\">\n\t\t\t<span class=\"elementor-divider-separator\">\n\t\t\t\t\t\t<\/span>\n\t\t<\/div>\n\t\t\t\t\t\t<\/div>\n\t\t\t\t<\/div>\n\t\t\t\t<\/div>\n\t\t<div class=\"elementor-element elementor-element-d30d224 e-flex e-con-boxed e-con e-parent\" data-id=\"d30d224\" data-element_type=\"container\">\n\t\t\t\t\t<div class=\"e-con-inner\">\n\t\t<a class=\"elementor-element elementor-element-4b757d5 e-con-full e-flex e-con e-parent\" data-id=\"4b757d5\" data-element_type=\"container\" data-settings=\"{&quot;background_background&quot;:&quot;classic&quot;}\" href=\"https:\/\/huebner.virtuosen.at\/leistungen\/tax\/\">\n\t\t<div class=\"elementor-element elementor-element-59c1cf8 v-span e-flex e-con-boxed e-con e-parent\" data-id=\"59c1cf8\" data-element_type=\"container\">\n\t\t\t\t\t<div class=\"e-con-inner\">\n\t\t\t\t<div class=\"elementor-element elementor-element-5fa1c29 elementor-widget elementor-widget-heading\" data-id=\"5fa1c29\" data-element_type=\"widget\" data-widget_type=\"heading.default\">\n\t\t\t\t<div class=\"elementor-widget-container\">\n\t\t\t\t\t<h3 class=\"elementor-heading-title elementor-size-default\">Tax<\/h3>\t\t\t\t<\/div>\n\t\t\t\t<\/div>\n\t\t\t\t\t<\/div>\n\t\t\t\t<\/div>\n\t\t\t\t<\/a>\n\t\t<a class=\"elementor-element elementor-element-3a461c7 e-con-full e-flex e-con e-parent\" data-id=\"3a461c7\" data-element_type=\"container\" data-settings=\"{&quot;background_background&quot;:&quot;classic&quot;}\" href=\"https:\/\/huebner.virtuosen.at\/leistungen\/accounting\/\">\n\t\t<div class=\"elementor-element elementor-element-ee02c31 v-span e-flex e-con-boxed e-con e-parent\" data-id=\"ee02c31\" data-element_type=\"container\">\n\t\t\t\t\t<div class=\"e-con-inner\">\n\t\t\t\t<div class=\"elementor-element elementor-element-32808dc elementor-widget__width-auto elementor-widget elementor-widget-heading\" data-id=\"32808dc\" data-element_type=\"widget\" data-widget_type=\"heading.default\">\n\t\t\t\t<div class=\"elementor-widget-container\">\n\t\t\t\t\t<h3 class=\"elementor-heading-title elementor-size-default\">Accounting<\/h3>\t\t\t\t<\/div>\n\t\t\t\t<\/div>\n\t\t\t\t\t<\/div>\n\t\t\t\t<\/div>\n\t\t\t\t<\/a>\n\t\t<a class=\"elementor-element elementor-element-6c64c36 e-con-full e-flex e-con e-parent\" data-id=\"6c64c36\" data-element_type=\"container\" data-settings=\"{&quot;background_background&quot;:&quot;classic&quot;}\" href=\"https:\/\/huebner.virtuosen.at\/leistungen\/payroll\/\">\n\t\t<div class=\"elementor-element elementor-element-8137d3b v-span e-flex e-con-boxed e-con e-parent\" data-id=\"8137d3b\" data-element_type=\"container\">\n\t\t\t\t\t<div class=\"e-con-inner\">\n\t\t\t\t<div class=\"elementor-element elementor-element-c996d84 elementor-widget elementor-widget-heading\" data-id=\"c996d84\" data-element_type=\"widget\" data-widget_type=\"heading.default\">\n\t\t\t\t<div class=\"elementor-widget-container\">\n\t\t\t\t\t<h3 class=\"elementor-heading-title elementor-size-default\">Payroll<\/h3>\t\t\t\t<\/div>\n\t\t\t\t<\/div>\n\t\t\t\t\t<\/div>\n\t\t\t\t<\/div>\n\t\t\t\t<\/a>\n\t\t\t\t\t<\/div>\n\t\t\t\t<\/div>\n\t\t<div class=\"elementor-element elementor-element-3aec30b e-flex e-con-boxed e-con e-parent\" data-id=\"3aec30b\" data-element_type=\"container\">\n\t\t\t\t\t<div class=\"e-con-inner\">\n\t\t<a class=\"elementor-element elementor-element-bd823b8 e-con-full e-flex e-con e-parent\" data-id=\"bd823b8\" data-element_type=\"container\" data-settings=\"{&quot;background_background&quot;:&quot;classic&quot;}\" href=\"https:\/\/huebner.virtuosen.at\/leistungen\/2book\/\">\n\t\t<div class=\"elementor-element elementor-element-33f04f6 v-span e-flex e-con-boxed e-con e-parent\" data-id=\"33f04f6\" data-element_type=\"container\">\n\t\t\t\t\t<div class=\"e-con-inner\">\n\t\t\t\t<div class=\"elementor-element elementor-element-d8e292a elementor-widget elementor-widget-heading\" data-id=\"d8e292a\" data-element_type=\"widget\" data-widget_type=\"heading.default\">\n\t\t\t\t<div class=\"elementor-widget-container\">\n\t\t\t\t\t<h3 class=\"elementor-heading-title elementor-size-default\">2book<\/h3>\t\t\t\t<\/div>\n\t\t\t\t<\/div>\n\t\t\t\t\t<\/div>\n\t\t\t\t<\/div>\n\t\t\t\t<\/a>\n\t\t<a class=\"elementor-element elementor-element-cad1024 e-con-full e-flex e-con e-parent\" data-id=\"cad1024\" data-element_type=\"container\" data-settings=\"{&quot;background_background&quot;:&quot;classic&quot;}\" href=\"https:\/\/huebner.virtuosen.at\/leistungen\/online-services\/\">\n\t\t<div class=\"elementor-element elementor-element-cc4483b v-span e-flex e-con-boxed e-con e-parent\" data-id=\"cc4483b\" data-element_type=\"container\">\n\t\t\t\t\t<div class=\"e-con-inner\">\n\t\t\t\t<div class=\"elementor-element elementor-element-89c4831 elementor-widget__width-auto elementor-widget elementor-widget-heading\" data-id=\"89c4831\" data-element_type=\"widget\" data-widget_type=\"heading.default\">\n\t\t\t\t<div class=\"elementor-widget-container\">\n\t\t\t\t\t<h3 class=\"elementor-heading-title elementor-size-default\">Online<br>Services<\/h3>\t\t\t\t<\/div>\n\t\t\t\t<\/div>\n\t\t\t\t\t<\/div>\n\t\t\t\t<\/div>\n\t\t\t\t<\/a>\n\t\t<div class=\"elementor-element elementor-element-b7fc395 e-con-full e-flex e-con e-parent\" data-id=\"b7fc395\" data-element_type=\"container\">\n\t\t\t\t<\/div>\n\t\t\t\t\t<\/div>\n\t\t\t\t<\/div>\n\t\t<div class=\"elementor-element elementor-element-fae07a2 e-con-full e-flex e-con e-parent\" data-id=\"fae07a2\" data-element_type=\"container\">\n\t\t\t\t<div class=\"elementor-element elementor-element-b25cef8 elementor-widget elementor-widget-template\" data-id=\"b25cef8\" data-element_type=\"widget\" data-widget_type=\"template.default\">\n\t\t\t\t<div class=\"elementor-widget-container\">\n\t\t\t\t\t\t\t<div class=\"elementor-template\">\n\t\t\t\t\t<div data-elementor-type=\"container\" data-elementor-id=\"16160\" class=\"elementor elementor-16160 elementor-9970\" data-elementor-post-type=\"elementor_library\">\n\t\t\t\t<div class=\"elementor-element elementor-element-7798bfc e-flex e-con-boxed e-con e-parent\" data-id=\"7798bfc\" data-element_type=\"container\" data-settings=\"{&quot;background_background&quot;:&quot;classic&quot;}\">\n\t\t\t\t\t<div class=\"e-con-inner\">\n\t\t<div class=\"elementor-element elementor-element-d413bae e-con-full e-flex e-con e-child\" data-id=\"d413bae\" data-element_type=\"container\">\n\t\t\t\t<div class=\"elementor-element elementor-element-83b18e4 elementor-widget elementor-widget-image\" data-id=\"83b18e4\" data-element_type=\"widget\" data-widget_type=\"image.default\">\n\t\t\t\t<div class=\"elementor-widget-container\">\n\t\t\t\t\t\t\t\t\t\t\t\t\t\t\t<img fetchpriority=\"high\" decoding=\"async\" width=\"800\" height=\"800\" src=\"https:\/\/huebner.virtuosen.at\/wp-content\/uploads\/2023\/02\/Kristina-Schlechta-PortraitBG.jpg\" class=\"attachment-large size-large wp-image-15627\" alt=\"Portrait von Kristina Schlechta\" srcset=\"https:\/\/huebner.virtuosen.at\/wp-content\/uploads\/2023\/02\/Kristina-Schlechta-PortraitBG.jpg 900w, https:\/\/huebner.virtuosen.at\/wp-content\/uploads\/2023\/02\/Kristina-Schlechta-PortraitBG-300x300.jpg 300w, https:\/\/huebner.virtuosen.at\/wp-content\/uploads\/2023\/02\/Kristina-Schlechta-PortraitBG-150x150.jpg 150w, https:\/\/huebner.virtuosen.at\/wp-content\/uploads\/2023\/02\/Kristina-Schlechta-PortraitBG-768x768.jpg 768w\" sizes=\"(max-width: 800px) 100vw, 800px\" \/>\t\t\t\t\t\t\t\t\t\t\t\t\t\t\t<\/div>\n\t\t\t\t<\/div>\n\t\t\t\t<\/div>\n\t\t<div class=\"elementor-element elementor-element-1def669 e-con-full e-flex e-con e-child\" data-id=\"1def669\" data-element_type=\"container\">\n\t\t\t\t<div class=\"elementor-element elementor-element-3fff174 elementor-widget elementor-widget-heading\" data-id=\"3fff174\" data-element_type=\"widget\" data-widget_type=\"heading.default\">\n\t\t\t\t<div class=\"elementor-widget-container\">\n\t\t\t\t\t<h6 class=\"elementor-heading-title elementor-size-default\">Kristina Schlechta, Head of Business Development<\/h6>\t\t\t\t<\/div>\n\t\t\t\t<\/div>\n\t\t\t\t<div class=\"elementor-element elementor-element-80f1bf4 boxedhalf elementor-widget elementor-widget-heading\" data-id=\"80f1bf4\" data-element_type=\"widget\" data-widget_type=\"heading.default\">\n\t\t\t\t<div class=\"elementor-widget-container\">\n\t\t\t\t\t<h2 class=\"elementor-heading-title elementor-size-default\">We are happy to hear from you.<\/h2>\t\t\t\t<\/div>\n\t\t\t\t<\/div>\n\t\t\t\t<div class=\"elementor-element elementor-element-3675871 elementor-widget-divider--view-line elementor-widget elementor-widget-divider\" data-id=\"3675871\" data-element_type=\"widget\" data-settings=\"{&quot;_animation&quot;:&quot;none&quot;}\" data-widget_type=\"divider.default\">\n\t\t\t\t<div class=\"elementor-widget-container\">\n\t\t\t\t\t\t\t<div class=\"elementor-divider\">\n\t\t\t<span class=\"elementor-divider-separator\">\n\t\t\t\t\t\t<\/span>\n\t\t<\/div>\n\t\t\t\t\t\t<\/div>\n\t\t\t\t<\/div>\n\t\t<div class=\"elementor-element elementor-element-cba3baf e-flex e-con-boxed e-con e-child\" data-id=\"cba3baf\" data-element_type=\"container\">\n\t\t\t\t\t<div class=\"e-con-inner\">\n\t\t\t\t<div class=\"elementor-element elementor-element-4c3dd16 btn-animated elementor-mobile-align-left elementor-widget elementor-widget-button\" data-id=\"4c3dd16\" data-element_type=\"widget\" data-widget_type=\"button.default\">\n\t\t\t\t<div class=\"elementor-widget-container\">\n\t\t\t\t\t\t\t\t\t<div class=\"elementor-button-wrapper\">\n\t\t\t\t\t<a class=\"elementor-button elementor-button-link elementor-size-md\" href=\"mailto:kristina.schlechta@huebner.at\">\n\t\t\t\t\t\t<span class=\"elementor-button-content-wrapper\">\n\t\t\t\t\t\t<span class=\"elementor-button-icon\">\n\t\t\t\t<i aria-hidden=\"true\" class=\"zwiicon- zwi-icon-mail\"><\/i>\t\t\t<\/span>\n\t\t\t\t\t\t\t\t\t<span class=\"elementor-button-text\">kristina.schlechta@huebner.at<\/span>\n\t\t\t\t\t<\/span>\n\t\t\t\t\t<\/a>\n\t\t\t\t<\/div>\n\t\t\t\t\t\t\t\t<\/div>\n\t\t\t\t<\/div>\n\t\t\t\t<div class=\"elementor-element elementor-element-db2208b btn-animated elementor-mobile-align-left elementor-widget elementor-widget-button\" data-id=\"db2208b\" data-element_type=\"widget\" data-widget_type=\"button.default\">\n\t\t\t\t<div class=\"elementor-widget-container\">\n\t\t\t\t\t\t\t\t\t<div class=\"elementor-button-wrapper\">\n\t\t\t\t\t<a class=\"elementor-button elementor-button-link elementor-size-md\" href=\"tel:+43181175292\">\n\t\t\t\t\t\t<span class=\"elementor-button-content-wrapper\">\n\t\t\t\t\t\t<span class=\"elementor-button-icon\">\n\t\t\t\t<i aria-hidden=\"true\" class=\"zwiicon- zwi-icon-phone\"><\/i>\t\t\t<\/span>\n\t\t\t\t\t\t\t\t\t<span class=\"elementor-button-text\">+43 1 811 75 - 292<\/span>\n\t\t\t\t\t<\/span>\n\t\t\t\t\t<\/a>\n\t\t\t\t<\/div>\n\t\t\t\t\t\t\t\t<\/div>\n\t\t\t\t<\/div>\n\t\t\t\t\t<\/div>\n\t\t\t\t<\/div>\n\t\t\t\t<\/div>\n\t\t\t\t\t<\/div>\n\t\t\t\t<\/div>\n\t\t\t\t<\/div>\n\t\t\t\t<\/div>\n\t\t\t\t\t\t<\/div>\n\t\t\t\t<\/div>\n\t\t\t\t<\/div>\n\t\t\t\t<\/div>\n\t\t<div class=\"shariff shariff-align-flex-start shariff-widget-align-flex-start\"><div class=\"ShariffHeadline\">Share:<\/div><ul class=\"shariff-buttons theme-default orientation-horizontal buttonsize-medium\"><li class=\"shariff-button twitter shariff-nocustomcolor\" style=\"background-color:#595959\"><a href=\"https:\/\/twitter.com\/share?url=https%3A%2F%2Fhuebner.virtuosen.at%2Fen%2Fservices%2F&text=Services\" title=\"Bei X teilen\" aria-label=\"Bei X teilen\" role=\"button\" rel=\"noopener nofollow\" class=\"shariff-link\" style=\"; background-color:#000; color:#fff\" target=\"_blank\"><span class=\"shariff-icon\" style=\"\"><svg width=\"32px\" height=\"20px\" xmlns=\"http:\/\/www.w3.org\/2000\/svg\" viewBox=\"0 0 24 24\"><path fill=\"#000\" d=\"M14.258 10.152L23.176 0h-2.113l-7.747 8.813L7.133 0H0l9.352 13.328L0 23.973h2.113l8.176-9.309 6.531 9.309h7.133zm-2.895 3.293l-.949-1.328L2.875 1.56h3.246l6.086 8.523.945 1.328 7.91 11.078h-3.246zm0 0\"\/><\/svg><\/span><span class=\"shariff-text\">teilen<\/span>&nbsp;<\/a><\/li><li class=\"shariff-button facebook shariff-nocustomcolor\" style=\"background-color:#4273c8\"><a href=\"https:\/\/www.facebook.com\/sharer\/sharer.php?u=https%3A%2F%2Fhuebner.virtuosen.at%2Fen%2Fservices%2F\" title=\"Bei Facebook teilen\" aria-label=\"Bei Facebook teilen\" role=\"button\" rel=\"nofollow\" class=\"shariff-link\" style=\"; background-color:#3b5998; color:#fff\" target=\"_blank\"><span class=\"shariff-icon\" style=\"\"><svg width=\"32px\" height=\"20px\" xmlns=\"http:\/\/www.w3.org\/2000\/svg\" viewBox=\"0 0 18 32\"><path fill=\"#3b5998\" d=\"M17.1 0.2v4.7h-2.8q-1.5 0-2.1 0.6t-0.5 1.9v3.4h5.2l-0.7 5.3h-4.5v13.6h-5.5v-13.6h-4.5v-5.3h4.5v-3.9q0-3.3 1.9-5.2t5-1.8q2.6 0 4.1 0.2z\"\/><\/svg><\/span><span class=\"shariff-text\">teilen<\/span>&nbsp;<\/a><\/li><li class=\"shariff-button linkedin shariff-nocustomcolor\" style=\"background-color:#1488bf\"><a href=\"https:\/\/www.linkedin.com\/sharing\/share-offsite\/?url=https%3A%2F%2Fhuebner.virtuosen.at%2Fen%2Fservices%2F\" title=\"Bei LinkedIn teilen\" aria-label=\"Bei LinkedIn teilen\" role=\"button\" rel=\"noopener nofollow\" class=\"shariff-link\" style=\"; background-color:#0077b5; color:#fff\" target=\"_blank\"><span class=\"shariff-icon\" style=\"\"><svg width=\"32px\" height=\"20px\" xmlns=\"http:\/\/www.w3.org\/2000\/svg\" viewBox=\"0 0 27 32\"><path fill=\"#0077b5\" d=\"M6.2 11.2v17.7h-5.9v-17.7h5.9zM6.6 5.7q0 1.3-0.9 2.2t-2.4 0.9h0q-1.5 0-2.4-0.9t-0.9-2.2 0.9-2.2 2.4-0.9 2.4 0.9 0.9 2.2zM27.4 18.7v10.1h-5.9v-9.5q0-1.9-0.7-2.9t-2.3-1.1q-1.1 0-1.9 0.6t-1.2 1.5q-0.2 0.5-0.2 1.4v9.9h-5.9q0-7.1 0-11.6t0-5.3l0-0.9h5.9v2.6h0q0.4-0.6 0.7-1t1-0.9 1.6-0.8 2-0.3q3 0 4.9 2t1.9 6z\"\/><\/svg><\/span><span class=\"shariff-text\">teilen<\/span>&nbsp;<\/a><\/li><\/ul><\/div>","protected":false},"excerpt":{"rendered":"<p>Our services Tax Accounting Payroll 2book OnlineServices<\/p>\n","protected":false},"author":1,"featured_media":0,"parent":0,"menu_order":-90,"comment_status":"closed","ping_status":"closed","template":"elementor_header_footer","meta":{"_acf_changed":false,"inline_featured_image":false,"footnotes":""},"class_list":["post-15715","page","type-page","status-publish","hentry"],"acf":[],"yoast_head":"<!-- This site is optimized with the Yoast SEO plugin v24.3 - https:\/\/yoast.com\/wordpress\/plugins\/seo\/ -->\n<title>Services - H\u00fcbner &amp; H\u00fcbner<\/title>\n<meta name=\"description\" content=\"H\u00fcbner &amp; H\u00fcbner services: Optimized tax concepts &amp; digital accounting. Outsourcing with 24\/7 online access!\" \/>\n<meta name=\"robots\" content=\"noindex, follow, max-snippet:-1, max-image-preview:large, max-video-preview:-1\" \/>\n<meta property=\"og:locale\" content=\"en_US\" \/>\n<meta property=\"og:type\" content=\"article\" \/>\n<meta property=\"og:title\" content=\"Services - H\u00fcbner &amp; H\u00fcbner\" \/>\n<meta property=\"og:description\" content=\"H\u00fcbner &amp; H\u00fcbner services: Optimized tax concepts &amp; digital accounting. Outsourcing with 24\/7 online access!\" \/>\n<meta property=\"og:url\" content=\"https:\/\/huebner.virtuosen.at\/en\/services\/\" \/>\n<meta property=\"og:site_name\" content=\"H\u00fcbner &amp; H\u00fcbner\" \/>\n<meta property=\"article:publisher\" content=\"https:\/\/www.facebook.com\/HuebnerSteuerberater\" \/>\n<meta property=\"article:modified_time\" content=\"2023-04-25T13:42:40+00:00\" \/>\n<meta property=\"og:image\" content=\"https:\/\/huebner.virtuosen.at\/wp-content\/uploads\/2023\/02\/Huebner-Social-Logo.jpg\" \/>\n\t<meta property=\"og:image:width\" content=\"1200\" \/>\n\t<meta property=\"og:image:height\" content=\"675\" \/>\n\t<meta property=\"og:image:type\" content=\"image\/jpeg\" \/>\n<meta name=\"twitter:card\" content=\"summary_large_image\" \/>\n<meta name=\"twitter:site\" content=\"@huebner_stb\" \/>\n<script type=\"application\/ld+json\" class=\"yoast-schema-graph\">{\"@context\":\"https:\/\/schema.org\",\"@graph\":[{\"@type\":\"WebPage\",\"@id\":\"https:\/\/huebner.virtuosen.at\/en\/services\/\",\"url\":\"https:\/\/huebner.virtuosen.at\/en\/services\/\",\"name\":\"Services - H\u00fcbner &amp; H\u00fcbner\",\"isPartOf\":{\"@id\":\"https:\/\/huebner.virtuosen.at\/en\/#website\"},\"datePublished\":\"2022-11-14T13:24:30+00:00\",\"dateModified\":\"2023-04-25T13:42:40+00:00\",\"description\":\"H\u00fcbner & H\u00fcbner services: Optimized tax concepts & digital accounting. Outsourcing with 24\/7 online access!\",\"breadcrumb\":{\"@id\":\"https:\/\/huebner.virtuosen.at\/en\/services\/#breadcrumb\"},\"inLanguage\":\"en-US\",\"potentialAction\":[{\"@type\":\"ReadAction\",\"target\":[\"https:\/\/huebner.virtuosen.at\/en\/services\/\"]}]},{\"@type\":\"BreadcrumbList\",\"@id\":\"https:\/\/huebner.virtuosen.at\/en\/services\/#breadcrumb\",\"itemListElement\":[{\"@type\":\"ListItem\",\"position\":1,\"name\":\"Startseite\",\"item\":\"https:\/\/huebner.virtuosen.at\/en\/\"},{\"@type\":\"ListItem\",\"position\":2,\"name\":\"Services\"}]},{\"@type\":\"WebSite\",\"@id\":\"https:\/\/huebner.virtuosen.at\/en\/#website\",\"url\":\"https:\/\/huebner.virtuosen.at\/en\/\",\"name\":\"H\u00fcbner &amp; H\u00fcbner\",\"description\":\"Digitales Rechnungswesen &amp; Optimierte Steuerkonzepte.\",\"publisher\":{\"@id\":\"https:\/\/huebner.virtuosen.at\/en\/#organization\"},\"potentialAction\":[{\"@type\":\"SearchAction\",\"target\":{\"@type\":\"EntryPoint\",\"urlTemplate\":\"https:\/\/huebner.virtuosen.at\/en\/?s={search_term_string}\"},\"query-input\":{\"@type\":\"PropertyValueSpecification\",\"valueRequired\":true,\"valueName\":\"search_term_string\"}}],\"inLanguage\":\"en-US\"},{\"@type\":\"Organization\",\"@id\":\"https:\/\/huebner.virtuosen.at\/en\/#organization\",\"name\":\"H\u00fcbner &amp; H\u00fcbner\",\"url\":\"https:\/\/huebner.virtuosen.at\/en\/\",\"logo\":{\"@type\":\"ImageObject\",\"inLanguage\":\"en-US\",\"@id\":\"https:\/\/huebner.virtuosen.at\/en\/#\/schema\/logo\/image\/\",\"url\":\"https:\/\/huebner.virtuosen.at\/wp-content\/uploads\/2022\/11\/Favicon.jpg\",\"contentUrl\":\"https:\/\/huebner.virtuosen.at\/wp-content\/uploads\/2022\/11\/Favicon.jpg\",\"width\":512,\"height\":512,\"caption\":\"H\u00fcbner &amp; H\u00fcbner\"},\"image\":{\"@id\":\"https:\/\/huebner.virtuosen.at\/en\/#\/schema\/logo\/image\/\"},\"sameAs\":[\"https:\/\/www.facebook.com\/HuebnerSteuerberater\",\"https:\/\/x.com\/huebner_stb\",\"https:\/\/www.linkedin.com\/company\/h\u00fcbner-h\u00fcbner-steuerberatung\"]}]}<\/script>\n<!-- \/ Yoast SEO plugin. -->","yoast_head_json":{"title":"Services - H\u00fcbner &amp; H\u00fcbner","description":"H\u00fcbner & H\u00fcbner services: Optimized tax concepts & digital accounting. Outsourcing with 24\/7 online access!","robots":{"index":"noindex","follow":"follow","max-snippet":"max-snippet:-1","max-image-preview":"max-image-preview:large","max-video-preview":"max-video-preview:-1"},"og_locale":"en_US","og_type":"article","og_title":"Services - H\u00fcbner &amp; H\u00fcbner","og_description":"H\u00fcbner & H\u00fcbner services: Optimized tax concepts & digital accounting. Outsourcing with 24\/7 online access!","og_url":"https:\/\/huebner.virtuosen.at\/en\/services\/","og_site_name":"H\u00fcbner &amp; H\u00fcbner","article_publisher":"https:\/\/www.facebook.com\/HuebnerSteuerberater","article_modified_time":"2023-04-25T13:42:40+00:00","og_image":[{"width":1200,"height":675,"url":"https:\/\/huebner.virtuosen.at\/wp-content\/uploads\/2023\/02\/Huebner-Social-Logo.jpg","type":"image\/jpeg"}],"twitter_card":"summary_large_image","twitter_site":"@huebner_stb","schema":{"@context":"https:\/\/schema.org","@graph":[{"@type":"WebPage","@id":"https:\/\/huebner.virtuosen.at\/en\/services\/","url":"https:\/\/huebner.virtuosen.at\/en\/services\/","name":"Services - H\u00fcbner &amp; H\u00fcbner","isPartOf":{"@id":"https:\/\/huebner.virtuosen.at\/en\/#website"},"datePublished":"2022-11-14T13:24:30+00:00","dateModified":"2023-04-25T13:42:40+00:00","description":"H\u00fcbner & H\u00fcbner services: Optimized tax concepts & digital accounting. Outsourcing with 24\/7 online access!","breadcrumb":{"@id":"https:\/\/huebner.virtuosen.at\/en\/services\/#breadcrumb"},"inLanguage":"en-US","potentialAction":[{"@type":"ReadAction","target":["https:\/\/huebner.virtuosen.at\/en\/services\/"]}]},{"@type":"BreadcrumbList","@id":"https:\/\/huebner.virtuosen.at\/en\/services\/#breadcrumb","itemListElement":[{"@type":"ListItem","position":1,"name":"Startseite","item":"https:\/\/huebner.virtuosen.at\/en\/"},{"@type":"ListItem","position":2,"name":"Services"}]},{"@type":"WebSite","@id":"https:\/\/huebner.virtuosen.at\/en\/#website","url":"https:\/\/huebner.virtuosen.at\/en\/","name":"H\u00fcbner &amp; H\u00fcbner","description":"Digitales Rechnungswesen &amp; Optimierte Steuerkonzepte.","publisher":{"@id":"https:\/\/huebner.virtuosen.at\/en\/#organization"},"potentialAction":[{"@type":"SearchAction","target":{"@type":"EntryPoint","urlTemplate":"https:\/\/huebner.virtuosen.at\/en\/?s={search_term_string}"},"query-input":{"@type":"PropertyValueSpecification","valueRequired":true,"valueName":"search_term_string"}}],"inLanguage":"en-US"},{"@type":"Organization","@id":"https:\/\/huebner.virtuosen.at\/en\/#organization","name":"H\u00fcbner &amp; H\u00fcbner","url":"https:\/\/huebner.virtuosen.at\/en\/","logo":{"@type":"ImageObject","inLanguage":"en-US","@id":"https:\/\/huebner.virtuosen.at\/en\/#\/schema\/logo\/image\/","url":"https:\/\/huebner.virtuosen.at\/wp-content\/uploads\/2022\/11\/Favicon.jpg","contentUrl":"https:\/\/huebner.virtuosen.at\/wp-content\/uploads\/2022\/11\/Favicon.jpg","width":512,"height":512,"caption":"H\u00fcbner &amp; H\u00fcbner"},"image":{"@id":"https:\/\/huebner.virtuosen.at\/en\/#\/schema\/logo\/image\/"},"sameAs":["https:\/\/www.facebook.com\/HuebnerSteuerberater","https:\/\/x.com\/huebner_stb","https:\/\/www.linkedin.com\/company\/h\u00fcbner-h\u00fcbner-steuerberatung"]}]}},"_links":{"self":[{"href":"https:\/\/huebner.virtuosen.at\/en\/wp-json\/wp\/v2\/pages\/15715","targetHints":{"allow":["GET"]}}],"collection":[{"href":"https:\/\/huebner.virtuosen.at\/en\/wp-json\/wp\/v2\/pages"}],"about":[{"href":"https:\/\/huebner.virtuosen.at\/en\/wp-json\/wp\/v2\/types\/page"}],"author":[{"embeddable":true,"href":"https:\/\/huebner.virtuosen.at\/en\/wp-json\/wp\/v2\/users\/1"}],"replies":[{"embeddable":true,"href":"https:\/\/huebner.virtuosen.at\/en\/wp-json\/wp\/v2\/comments?post=15715"}],"version-history":[{"count":10,"href":"https:\/\/huebner.virtuosen.at\/en\/wp-json\/wp\/v2\/pages\/15715\/revisions"}],"predecessor-version":[{"id":17101,"href":"https:\/\/huebner.virtuosen.at\/en\/wp-json\/wp\/v2\/pages\/15715\/revisions\/17101"}],"wp:attachment":[{"href":"https:\/\/huebner.virtuosen.at\/en\/wp-json\/wp\/v2\/media?parent=15715"}],"curies":[{"name":"wp","href":"https:\/\/api.w.org\/{rel}","templated":true}]}}