{"id":15846,"date":"2022-11-14T14:25:13","date_gmt":"2022-11-14T13:25:13","guid":{"rendered":"https:\/\/huebner.virtuosen.at\/legal-disclosure\/"},"modified":"2023-04-25T17:09:11","modified_gmt":"2023-04-25T15:09:11","slug":"legal-disclosure","status":"publish","type":"page","link":"https:\/\/huebner.virtuosen.at\/en\/legal-disclosure\/","title":{"rendered":"Imprint"},"content":{"rendered":"\t\t<div data-elementor-type=\"wp-page\" data-elementor-id=\"15846\" class=\"elementor elementor-15846 elementor-139\" data-elementor-post-type=\"page\">\n\t\t\t\t<div class=\"elementor-element elementor-element-af86d5d e-con-full e-flex e-con e-parent\" data-id=\"af86d5d\" data-element_type=\"container\" data-settings=\"{&quot;background_background&quot;:&quot;classic&quot;}\">\n\t\t<div class=\"elementor-element elementor-element-92f970d e-flex e-con-boxed e-con e-parent\" data-id=\"92f970d\" data-element_type=\"container\">\n\t\t\t\t\t<div class=\"e-con-inner\">\n\t\t\t\t<div class=\"elementor-element elementor-element-d639e17 v-underline elementor-widget elementor-widget-heading\" data-id=\"d639e17\" data-element_type=\"widget\" data-widget_type=\"heading.default\">\n\t\t\t\t<div class=\"elementor-widget-container\">\n\t\t\t\t\t<h1 class=\"elementor-heading-title elementor-size-default\">Imprint<\/h1>\t\t\t\t<\/div>\n\t\t\t\t<\/div>\n\t\t\t\t\t<\/div>\n\t\t\t\t<\/div>\n\t\t\t\t<div class=\"elementor-element elementor-element-a68f311 elementor-widget-divider--view-line elementor-widget elementor-widget-divider\" data-id=\"a68f311\" data-element_type=\"widget\" data-widget_type=\"divider.default\">\n\t\t\t\t<div class=\"elementor-widget-container\">\n\t\t\t\t\t\t\t<div class=\"elementor-divider\">\n\t\t\t<span class=\"elementor-divider-separator\">\n\t\t\t\t\t\t<\/span>\n\t\t<\/div>\n\t\t\t\t\t\t<\/div>\n\t\t\t\t<\/div>\n\t\t\t\t<\/div>\n\t\t<div class=\"elementor-element elementor-element-982d82a e-flex e-con-boxed e-con e-parent\" data-id=\"982d82a\" data-element_type=\"container\">\n\t\t\t\t\t<div class=\"e-con-inner\">\n\t\t<div class=\"elementor-element elementor-element-d2b6ebc e-con-full e-flex e-con e-parent\" data-id=\"d2b6ebc\" data-element_type=\"container\">\n\t\t\t\t<div class=\"elementor-element elementor-element-59c0e3f elementor-widget__width-inherit boxedhalf elementor-widget elementor-widget-heading\" data-id=\"59c0e3f\" data-element_type=\"widget\" data-widget_type=\"heading.default\">\n\t\t\t\t<div class=\"elementor-widget-container\">\n\t\t\t\t\t<h6 class=\"elementor-heading-title elementor-size-default\">Legal information according to \u00a7 14 UGB, MedienG Art 1 \u00a7 25 and \u00a7 5 e-commerce Gesetz<\/h6>\t\t\t\t<\/div>\n\t\t\t\t<\/div>\n\t\t\t\t<div class=\"elementor-element elementor-element-0fdbdd3 elementor-widget elementor-widget-heading\" data-id=\"0fdbdd3\" data-element_type=\"widget\" data-widget_type=\"heading.default\">\n\t\t\t\t<div class=\"elementor-widget-container\">\n\t\t\t\t\t<h2 class=\"elementor-heading-title elementor-size-default\">H\u00fcbner &amp; H\u00fcbner Wirtschaftspr\u00fcfung undSteuerberatung GmbH &amp; Co KG<\/h2>\t\t\t\t<\/div>\n\t\t\t\t<\/div>\n\t\t\t\t<div class=\"elementor-element elementor-element-ad32ff6 elementor-widget elementor-widget-text-editor\" data-id=\"ad32ff6\" data-element_type=\"widget\" data-widget_type=\"text-editor.default\">\n\t\t\t\t<div class=\"elementor-widget-container\">\n\t\t\t\t\t\t\t\t\t<div class=\"content content_intro\"> <\/div>\n<div class=\"content content_intro\">\n<p>Tax, Accounting, Payroll<\/p>\n<p>Sch\u00f6nbrunner Stra\u00dfe 222 (in the U4 Center)<br \/>1120 Vienna, Austria<br \/>Tel. +43(1)81175 &#8211; 0<br \/>Fax. +43(1)81175 &#8211; 18<br \/>E-Mail: <a class=\"link\">welcome@huebner.at<\/a><\/p>\n<p>Registrar of companies and registration number: Vienna &#8211; Handelsgericht Wien FN8925a HG Wien<br \/>VAT number: ATU 122 94 104<\/p>\n<p>Partner with unlimited liabilty:<br \/>H\u00fcbner &amp; H\u00fcbner Wirtschaftspr\u00fcfung und Steuerberatung GmbH<br \/>Place of business: Vienna<br \/>Registrar of companies and registration number: Vienna &#8211; Handelsgericht Wien FN212190w HG Wien<br \/>Supervisory authority: Federal Ministry of Science, Research and Economy<br \/>Membership: Chamber of Public Accountants and Tax Advisors<br \/>Applicable professional regulations: WTBG Wirtschaftstreuhandberufsgesetz refer to the Legal Information System of the Republic of Austria at <a class=\"link\" href=\"http:\/\/www.ris.bka.gv.at\/\" target=\"_blank\" rel=\"noopener noreferrer\">www.ris.bka.gv.at<\/a><\/p>\n<\/div>\n<div class=\"content\">\n<h3><span class=\"green\">E-Mail<\/span>&#8211; and <span class=\"green\">website<\/span>-disclaimer <\/h3>\n<p><b>E-Mail Disclaimer<\/b><\/p>\n<p>E-Mail messages are for the designated recipient only and may contain legally privileged or otherwise private information. If you have received one in error, please notify the sender immediately and delete the original or any copies. Any other use is prohibited. Unless the sender does not act willfully, the sender does not accept liability for any errors or omissions in the contents of E-mail messages.<\/p>\n<p><b>Website Disclaimer <\/b><\/p>\n<p>1. Referrals and Links<\/p>\n<p>The author is not responsible for any contents linked or referred to from his pages &#8211; unless he has full knowlegde of illegal contents and would be able to prevent the visitors of his site from viewing those pages. If any damage occurs by the use of information presented there, only the author of the respective pages might be liable, not the one who has linked to these pages. Furthermore the author is not liable for any postings or messages published by users of discussion boards,<\/p>\n<p>guestbooks or mailinglists provided on his page.<\/p>\n<p>2. Online-Contents and Apps<\/p>\n<p>The author reserves the right not to be responsible for the topicality, correctness, completeness or quality of the information provided. Liability claims regarding damage caused by the use of any information provided, including any kind of information which is incomplete or incorrect, will therefore be rejected.<\/p>\n<p>All offers are not-binding and without obligation. Parts of the pages or the complete publication including all offers and information might be extended, changed or partly or completely deleted by the author without separate announcement.<\/p>\n<p>3. Copyright<\/p>\n<p>The author intended not to use any copyrighted material for the publication or, if not possible, to indicate the copyright of the respective object. The copyright for any material created by the author is reserved. Any duplication or use of such diagrams, sounds or texts in other electronic or printed publications is not permitted without the author&#8217;s agreement.<\/p>\n<p>4. Privacy policy for our App \u201eBrutto Netto\u201c (iOS and Android)<\/p>\n<p>The App \u201eBrutto Netto\u201c processes user data only on the user\u2019s terminal. No data is sent to H\u00fcbner &amp; H\u00fcbner or third party.<\/p>\n<\/div>\n\t\t\t\t\t\t\t\t<\/div>\n\t\t\t\t<\/div>\n\t\t\t\t<\/div>\n\t\t\t\t\t<\/div>\n\t\t\t\t<\/div>\n\t\t\t\t<\/div>\n\t\t<div class=\"shariff shariff-align-flex-start shariff-widget-align-flex-start\"><div class=\"ShariffHeadline\">Share:<\/div><ul class=\"shariff-buttons theme-default orientation-horizontal buttonsize-medium\"><li class=\"shariff-button twitter shariff-nocustomcolor\" style=\"background-color:#595959\"><a href=\"https:\/\/twitter.com\/share?url=https%3A%2F%2Fhuebner.virtuosen.at%2Fen%2Flegal-disclosure%2F&text=Imprint\" title=\"Bei X teilen\" aria-label=\"Bei X teilen\" role=\"button\" rel=\"noopener nofollow\" class=\"shariff-link\" style=\"; background-color:#000; color:#fff\" target=\"_blank\"><span class=\"shariff-icon\" style=\"\"><svg width=\"32px\" height=\"20px\" xmlns=\"http:\/\/www.w3.org\/2000\/svg\" viewBox=\"0 0 24 24\"><path fill=\"#000\" d=\"M14.258 10.152L23.176 0h-2.113l-7.747 8.813L7.133 0H0l9.352 13.328L0 23.973h2.113l8.176-9.309 6.531 9.309h7.133zm-2.895 3.293l-.949-1.328L2.875 1.56h3.246l6.086 8.523.945 1.328 7.91 11.078h-3.246zm0 0\"\/><\/svg><\/span><span class=\"shariff-text\">teilen<\/span>&nbsp;<\/a><\/li><li class=\"shariff-button facebook shariff-nocustomcolor\" style=\"background-color:#4273c8\"><a href=\"https:\/\/www.facebook.com\/sharer\/sharer.php?u=https%3A%2F%2Fhuebner.virtuosen.at%2Fen%2Flegal-disclosure%2F\" title=\"Bei Facebook teilen\" aria-label=\"Bei Facebook teilen\" role=\"button\" rel=\"nofollow\" class=\"shariff-link\" style=\"; background-color:#3b5998; color:#fff\" target=\"_blank\"><span class=\"shariff-icon\" style=\"\"><svg width=\"32px\" height=\"20px\" xmlns=\"http:\/\/www.w3.org\/2000\/svg\" viewBox=\"0 0 18 32\"><path fill=\"#3b5998\" d=\"M17.1 0.2v4.7h-2.8q-1.5 0-2.1 0.6t-0.5 1.9v3.4h5.2l-0.7 5.3h-4.5v13.6h-5.5v-13.6h-4.5v-5.3h4.5v-3.9q0-3.3 1.9-5.2t5-1.8q2.6 0 4.1 0.2z\"\/><\/svg><\/span><span class=\"shariff-text\">teilen<\/span>&nbsp;<\/a><\/li><li class=\"shariff-button linkedin shariff-nocustomcolor\" style=\"background-color:#1488bf\"><a href=\"https:\/\/www.linkedin.com\/sharing\/share-offsite\/?url=https%3A%2F%2Fhuebner.virtuosen.at%2Fen%2Flegal-disclosure%2F\" title=\"Bei LinkedIn teilen\" aria-label=\"Bei LinkedIn teilen\" role=\"button\" rel=\"noopener nofollow\" class=\"shariff-link\" style=\"; background-color:#0077b5; color:#fff\" target=\"_blank\"><span class=\"shariff-icon\" style=\"\"><svg width=\"32px\" height=\"20px\" xmlns=\"http:\/\/www.w3.org\/2000\/svg\" viewBox=\"0 0 27 32\"><path fill=\"#0077b5\" d=\"M6.2 11.2v17.7h-5.9v-17.7h5.9zM6.6 5.7q0 1.3-0.9 2.2t-2.4 0.9h0q-1.5 0-2.4-0.9t-0.9-2.2 0.9-2.2 2.4-0.9 2.4 0.9 0.9 2.2zM27.4 18.7v10.1h-5.9v-9.5q0-1.9-0.7-2.9t-2.3-1.1q-1.1 0-1.9 0.6t-1.2 1.5q-0.2 0.5-0.2 1.4v9.9h-5.9q0-7.1 0-11.6t0-5.3l0-0.9h5.9v2.6h0q0.4-0.6 0.7-1t1-0.9 1.6-0.8 2-0.3q3 0 4.9 2t1.9 6z\"\/><\/svg><\/span><span class=\"shariff-text\">teilen<\/span>&nbsp;<\/a><\/li><\/ul><\/div>","protected":false},"excerpt":{"rendered":"<p>Imprint Legal information according to \u00a7 14 UGB, MedienG Art 1 \u00a7 25 and \u00a7 5 e-commerce Gesetz H\u00fcbner &amp; H\u00fcbner Wirtschaftspr\u00fcfung undSteuerberatung GmbH &amp; Co KG Tax, Accounting, Payroll Sch\u00f6nbrunner Stra\u00dfe 222 (in the U4 Center)1120 Vienna, AustriaTel. +43(1)81175 &#8211; 0Fax. +43(1)81175 &#8211; 18E-Mail: welcome@huebner.at Registrar of companies and registration number: Vienna &#8211; Handelsgericht [&hellip;]<\/p>\n","protected":false},"author":1,"featured_media":0,"parent":0,"menu_order":100,"comment_status":"closed","ping_status":"closed","template":"elementor_header_footer","meta":{"_acf_changed":false,"inline_featured_image":false,"footnotes":""},"class_list":["post-15846","page","type-page","status-publish","hentry"],"acf":[],"yoast_head":"<!-- This site is optimized with the Yoast SEO plugin v24.3 - https:\/\/yoast.com\/wordpress\/plugins\/seo\/ -->\n<title>Imprint - H\u00fcbner &amp; H\u00fcbner<\/title>\n<meta name=\"robots\" content=\"noindex, follow, max-snippet:-1, max-image-preview:large, max-video-preview:-1\" \/>\n<meta property=\"og:locale\" content=\"en_US\" \/>\n<meta property=\"og:type\" content=\"article\" \/>\n<meta property=\"og:title\" content=\"Imprint - H\u00fcbner &amp; H\u00fcbner\" \/>\n<meta property=\"og:description\" content=\"Imprint Legal information according to \u00a7 14 UGB, MedienG Art 1 \u00a7 25 and \u00a7 5 e-commerce Gesetz H\u00fcbner &amp; H\u00fcbner Wirtschaftspr\u00fcfung undSteuerberatung GmbH &amp; Co KG Tax, Accounting, Payroll Sch\u00f6nbrunner Stra\u00dfe 222 (in the U4 Center)1120 Vienna, AustriaTel. +43(1)81175 &#8211; 0Fax. +43(1)81175 &#8211; 18E-Mail: welcome@huebner.at Registrar of companies and registration number: Vienna &#8211; Handelsgericht [&hellip;]\" \/>\n<meta property=\"og:url\" content=\"https:\/\/huebner.virtuosen.at\/en\/legal-disclosure\/\" \/>\n<meta property=\"og:site_name\" content=\"H\u00fcbner &amp; H\u00fcbner\" \/>\n<meta property=\"article:publisher\" content=\"https:\/\/www.facebook.com\/HuebnerSteuerberater\" \/>\n<meta property=\"article:modified_time\" content=\"2023-04-25T15:09:11+00:00\" \/>\n<meta property=\"og:image\" content=\"https:\/\/huebner.virtuosen.at\/wp-content\/uploads\/2023\/02\/Huebner-Social-Logo.jpg\" \/>\n\t<meta property=\"og:image:width\" content=\"1200\" \/>\n\t<meta property=\"og:image:height\" content=\"675\" \/>\n\t<meta property=\"og:image:type\" content=\"image\/jpeg\" \/>\n<meta name=\"twitter:card\" content=\"summary_large_image\" \/>\n<meta name=\"twitter:site\" content=\"@huebner_stb\" \/>\n<meta name=\"twitter:label1\" content=\"Est. reading time\" \/>\n\t<meta name=\"twitter:data1\" content=\"2 minutes\" \/>\n<script type=\"application\/ld+json\" class=\"yoast-schema-graph\">{\"@context\":\"https:\/\/schema.org\",\"@graph\":[{\"@type\":\"WebPage\",\"@id\":\"https:\/\/huebner.virtuosen.at\/en\/legal-disclosure\/\",\"url\":\"https:\/\/huebner.virtuosen.at\/en\/legal-disclosure\/\",\"name\":\"Imprint - H\u00fcbner &amp; H\u00fcbner\",\"isPartOf\":{\"@id\":\"https:\/\/huebner.virtuosen.at\/en\/#website\"},\"datePublished\":\"2022-11-14T13:25:13+00:00\",\"dateModified\":\"2023-04-25T15:09:11+00:00\",\"breadcrumb\":{\"@id\":\"https:\/\/huebner.virtuosen.at\/en\/legal-disclosure\/#breadcrumb\"},\"inLanguage\":\"en-US\",\"potentialAction\":[{\"@type\":\"ReadAction\",\"target\":[\"https:\/\/huebner.virtuosen.at\/en\/legal-disclosure\/\"]}]},{\"@type\":\"BreadcrumbList\",\"@id\":\"https:\/\/huebner.virtuosen.at\/en\/legal-disclosure\/#breadcrumb\",\"itemListElement\":[{\"@type\":\"ListItem\",\"position\":1,\"name\":\"Startseite\",\"item\":\"https:\/\/huebner.virtuosen.at\/en\/\"},{\"@type\":\"ListItem\",\"position\":2,\"name\":\"Imprint\"}]},{\"@type\":\"WebSite\",\"@id\":\"https:\/\/huebner.virtuosen.at\/en\/#website\",\"url\":\"https:\/\/huebner.virtuosen.at\/en\/\",\"name\":\"H\u00fcbner &amp; H\u00fcbner\",\"description\":\"Digitales Rechnungswesen &amp; Optimierte Steuerkonzepte.\",\"publisher\":{\"@id\":\"https:\/\/huebner.virtuosen.at\/en\/#organization\"},\"potentialAction\":[{\"@type\":\"SearchAction\",\"target\":{\"@type\":\"EntryPoint\",\"urlTemplate\":\"https:\/\/huebner.virtuosen.at\/en\/?s={search_term_string}\"},\"query-input\":{\"@type\":\"PropertyValueSpecification\",\"valueRequired\":true,\"valueName\":\"search_term_string\"}}],\"inLanguage\":\"en-US\"},{\"@type\":\"Organization\",\"@id\":\"https:\/\/huebner.virtuosen.at\/en\/#organization\",\"name\":\"H\u00fcbner &amp; H\u00fcbner\",\"url\":\"https:\/\/huebner.virtuosen.at\/en\/\",\"logo\":{\"@type\":\"ImageObject\",\"inLanguage\":\"en-US\",\"@id\":\"https:\/\/huebner.virtuosen.at\/en\/#\/schema\/logo\/image\/\",\"url\":\"https:\/\/huebner.virtuosen.at\/wp-content\/uploads\/2022\/11\/Favicon.jpg\",\"contentUrl\":\"https:\/\/huebner.virtuosen.at\/wp-content\/uploads\/2022\/11\/Favicon.jpg\",\"width\":512,\"height\":512,\"caption\":\"H\u00fcbner &amp; H\u00fcbner\"},\"image\":{\"@id\":\"https:\/\/huebner.virtuosen.at\/en\/#\/schema\/logo\/image\/\"},\"sameAs\":[\"https:\/\/www.facebook.com\/HuebnerSteuerberater\",\"https:\/\/x.com\/huebner_stb\",\"https:\/\/www.linkedin.com\/company\/h\u00fcbner-h\u00fcbner-steuerberatung\"]}]}<\/script>\n<!-- \/ Yoast SEO plugin. -->","yoast_head_json":{"title":"Imprint - H\u00fcbner &amp; H\u00fcbner","robots":{"index":"noindex","follow":"follow","max-snippet":"max-snippet:-1","max-image-preview":"max-image-preview:large","max-video-preview":"max-video-preview:-1"},"og_locale":"en_US","og_type":"article","og_title":"Imprint - H\u00fcbner &amp; H\u00fcbner","og_description":"Imprint Legal information according to \u00a7 14 UGB, MedienG Art 1 \u00a7 25 and \u00a7 5 e-commerce Gesetz H\u00fcbner &amp; H\u00fcbner Wirtschaftspr\u00fcfung undSteuerberatung GmbH &amp; Co KG Tax, Accounting, Payroll Sch\u00f6nbrunner Stra\u00dfe 222 (in the U4 Center)1120 Vienna, AustriaTel. +43(1)81175 &#8211; 0Fax. +43(1)81175 &#8211; 18E-Mail: welcome@huebner.at Registrar of companies and registration number: Vienna &#8211; Handelsgericht [&hellip;]","og_url":"https:\/\/huebner.virtuosen.at\/en\/legal-disclosure\/","og_site_name":"H\u00fcbner &amp; H\u00fcbner","article_publisher":"https:\/\/www.facebook.com\/HuebnerSteuerberater","article_modified_time":"2023-04-25T15:09:11+00:00","og_image":[{"width":1200,"height":675,"url":"https:\/\/huebner.virtuosen.at\/wp-content\/uploads\/2023\/02\/Huebner-Social-Logo.jpg","type":"image\/jpeg"}],"twitter_card":"summary_large_image","twitter_site":"@huebner_stb","twitter_misc":{"Est. reading time":"2 minutes"},"schema":{"@context":"https:\/\/schema.org","@graph":[{"@type":"WebPage","@id":"https:\/\/huebner.virtuosen.at\/en\/legal-disclosure\/","url":"https:\/\/huebner.virtuosen.at\/en\/legal-disclosure\/","name":"Imprint - H\u00fcbner &amp; H\u00fcbner","isPartOf":{"@id":"https:\/\/huebner.virtuosen.at\/en\/#website"},"datePublished":"2022-11-14T13:25:13+00:00","dateModified":"2023-04-25T15:09:11+00:00","breadcrumb":{"@id":"https:\/\/huebner.virtuosen.at\/en\/legal-disclosure\/#breadcrumb"},"inLanguage":"en-US","potentialAction":[{"@type":"ReadAction","target":["https:\/\/huebner.virtuosen.at\/en\/legal-disclosure\/"]}]},{"@type":"BreadcrumbList","@id":"https:\/\/huebner.virtuosen.at\/en\/legal-disclosure\/#breadcrumb","itemListElement":[{"@type":"ListItem","position":1,"name":"Startseite","item":"https:\/\/huebner.virtuosen.at\/en\/"},{"@type":"ListItem","position":2,"name":"Imprint"}]},{"@type":"WebSite","@id":"https:\/\/huebner.virtuosen.at\/en\/#website","url":"https:\/\/huebner.virtuosen.at\/en\/","name":"H\u00fcbner &amp; H\u00fcbner","description":"Digitales Rechnungswesen &amp; Optimierte Steuerkonzepte.","publisher":{"@id":"https:\/\/huebner.virtuosen.at\/en\/#organization"},"potentialAction":[{"@type":"SearchAction","target":{"@type":"EntryPoint","urlTemplate":"https:\/\/huebner.virtuosen.at\/en\/?s={search_term_string}"},"query-input":{"@type":"PropertyValueSpecification","valueRequired":true,"valueName":"search_term_string"}}],"inLanguage":"en-US"},{"@type":"Organization","@id":"https:\/\/huebner.virtuosen.at\/en\/#organization","name":"H\u00fcbner &amp; H\u00fcbner","url":"https:\/\/huebner.virtuosen.at\/en\/","logo":{"@type":"ImageObject","inLanguage":"en-US","@id":"https:\/\/huebner.virtuosen.at\/en\/#\/schema\/logo\/image\/","url":"https:\/\/huebner.virtuosen.at\/wp-content\/uploads\/2022\/11\/Favicon.jpg","contentUrl":"https:\/\/huebner.virtuosen.at\/wp-content\/uploads\/2022\/11\/Favicon.jpg","width":512,"height":512,"caption":"H\u00fcbner &amp; H\u00fcbner"},"image":{"@id":"https:\/\/huebner.virtuosen.at\/en\/#\/schema\/logo\/image\/"},"sameAs":["https:\/\/www.facebook.com\/HuebnerSteuerberater","https:\/\/x.com\/huebner_stb","https:\/\/www.linkedin.com\/company\/h\u00fcbner-h\u00fcbner-steuerberatung"]}]}},"_links":{"self":[{"href":"https:\/\/huebner.virtuosen.at\/en\/wp-json\/wp\/v2\/pages\/15846","targetHints":{"allow":["GET"]}}],"collection":[{"href":"https:\/\/huebner.virtuosen.at\/en\/wp-json\/wp\/v2\/pages"}],"about":[{"href":"https:\/\/huebner.virtuosen.at\/en\/wp-json\/wp\/v2\/types\/page"}],"author":[{"embeddable":true,"href":"https:\/\/huebner.virtuosen.at\/en\/wp-json\/wp\/v2\/users\/1"}],"replies":[{"embeddable":true,"href":"https:\/\/huebner.virtuosen.at\/en\/wp-json\/wp\/v2\/comments?post=15846"}],"version-history":[{"count":10,"href":"https:\/\/huebner.virtuosen.at\/en\/wp-json\/wp\/v2\/pages\/15846\/revisions"}],"predecessor-version":[{"id":17178,"href":"https:\/\/huebner.virtuosen.at\/en\/wp-json\/wp\/v2\/pages\/15846\/revisions\/17178"}],"wp:attachment":[{"href":"https:\/\/huebner.virtuosen.at\/en\/wp-json\/wp\/v2\/media?parent=15846"}],"curies":[{"name":"wp","href":"https:\/\/api.w.org\/{rel}","templated":true}]}}